{"id":416,"date":"2022-02-02T10:36:34","date_gmt":"2022-02-02T09:36:34","guid":{"rendered":"https:\/\/emillycenter.pl\/?page_id=416"},"modified":"2023-09-06T15:46:45","modified_gmt":"2023-09-06T13:46:45","slug":"atrakcje","status":"publish","type":"page","link":"https:\/\/holidayhomevegas.pl\/de\/atrakcje\/","title":{"rendered":"Attraktionen"},"content":{"rendered":"<section id=\"section-2-414\" class=\"ct-section\" style=\"background-image:linear-gradient(rgba(0,0,0,0.4), rgba(0,0,0,0.4)), url(\/wp-content\/uploads\/2023\/09\/15-15-37-3955.webp);background-size:auto,  cover;\" ><div class=\"ct-section-inner-wrap\"><div id=\"div_block-3-414\" class=\"ct-div-block hero\" ><h1 id=\"headline-5-414\" class=\"ct-headline hero-title homePage\">Umgebung<\/h1><div id=\"text_block-6-414\" class=\"ct-text-block hero-text\" >Sehensw\u00fcrdigkeiten in der Umgebung<\/div><\/div><div id=\"code_block-1-558\" class=\"ct-code-block\" ><\/div><\/div><\/section><section id=\"section-8-414\" class=\"ct-section section\" ><div class=\"ct-section-inner-wrap\"><div id=\"div_block-450-416\" class=\"ct-div-block w50 imgContainer\" ><div id=\"div_block-451-416\" class=\"ct-div-block about-imgBig\" ><img decoding=\"async\"  id=\"image-452-416\" alt=\"\" src=\"https:\/\/holidayhomevegas.pl\/wp-content\/uploads\/2023\/09\/17-12-13-5368.webp\" class=\"ct-image cover-image\"\/><\/div><div id=\"div_block-453-416\" class=\"ct-div-block about-imgSmall\" ><img decoding=\"async\"  id=\"image-454-416\" alt=\"\" src=\"https:\/\/holidayhomevegas.pl\/wp-content\/uploads\/2023\/09\/17-12-13-5266.webp\" class=\"ct-image cover-image\"\/><\/div><\/div><div id=\"div_block-455-416\" class=\"ct-div-block w50 textContainer\" ><div id=\"text_block-456-416\" class=\"ct-text-block subtitle\" >UMGEBUNG<\/div><div id=\"text_block-457-416\" class=\"ct-text-block title\" >Ko\u0142czewo<\/div><div id=\"text_block-458-416\" class=\"ct-text-block txt\" >Ko\u0142czewo ist ein malerisches Dorf auf der Insel Wolin, gelegen am Ufer des Stettiner Haffs. Es zeichnet sich durch wundersch\u00f6ne Landschaften aus, die Seen, W\u00e4lder und kleine H\u00fcgel verbinden. In Ko\u0142czewo gibt es einen der \u00e4ltesten Golfpl\u00e4tze in Polen, der Sportbegeisterte anzieht. Direkt neben dem Ort erstrecken sich die goldenen Str\u00e4nde der Ostsee, ein idealer Ort zum Entspannen. F\u00fcr Naturliebhaber bietet das Reservat \"Ko\u0142czewo\" eine Vielfalt an Flora und Fauna. Entdecken Sie die Sch\u00f6nheiten von Ko\u0142czewo und f\u00fchlen Sie sich in Einklang mit der Natur!<\/div><\/div><\/div><\/section><section id=\"section-108-416\" class=\"ct-section\" ><div class=\"ct-section-inner-wrap\"><div id=\"text_block-109-416\" class=\"ct-text-block subtitle\" >Attraktionen<\/div><div id=\"text_block-110-416\" class=\"ct-text-block title\" >Sehen Sie, welche Attraktionen in der Umgebung sind.<\/div><div id=\"_dynamic_list-143-416\" class=\"oxy-dynamic-list\"><div id=\"div_block-144-416-1\" class=\"ct-div-block\" data-id=\"div_block-144-416\"><div id=\"div_block-147-416-1\" class=\"ct-div-block offert-tile\" data-id=\"div_block-147-416\"><div id=\"div_block-148-416-1\" class=\"ct-div-block offert-tile-img\" data-id=\"div_block-148-416\"><img decoding=\"async\" id=\"image-149-416-1\" alt=\"\" src=\"https:\/\/holidayhomevegas.pl\/wp-content\/uploads\/2023\/09\/22-13-30-4927.webp\" class=\"ct-image cover-image\" data-id=\"image-149-416\"><\/div><div id=\"div_block-150-416-1\" class=\"ct-div-block offert-details\" data-id=\"div_block-150-416\"><div id=\"text_block-151-416-1\" class=\"ct-text-block offert-subtite\" data-id=\"text_block-151-416\"><span id=\"span-371-416\" class=\"ct-span\" >Nationalpark<\/span><\/div><div id=\"text_block-152-416-1\" class=\"ct-text-block offert-title\" data-id=\"text_block-152-416\"><div><span style=\"background-color: transparent;\"><span id=\"span-225-416\" class=\"ct-span\" >Nationalpark Wolin<\/span><\/span><\/div><\/div><div id=\"div_block-153-416-1\" class=\"ct-div-block details-hidden\" data-id=\"div_block-153-416\"><div id=\"text_block-154-416-1\" class=\"ct-text-block txt hidden\" data-id=\"text_block-154-416\"><span id=\"span-217-416\" class=\"ct-span\" >Der Nationalpark Wolin ist ein geheimnisvolles Land, in dem W\u00e4lder auf das Meer treffen und Klippen stolz \u00fcber der Ostsee aufragen.<\/span> <br><\/div><\/div><\/div><div id=\"div_block-156-416-1\" class=\"ct-div-block offert-overlay\" data-id=\"div_block-156-416\"><\/div><\/div><\/div><div id=\"div_block-144-416-2\" class=\"ct-div-block\" data-id=\"div_block-144-416\"><div id=\"div_block-147-416-2\" class=\"ct-div-block offert-tile\" data-id=\"div_block-147-416\"><div id=\"div_block-148-416-2\" class=\"ct-div-block offert-tile-img\" data-id=\"div_block-148-416\"><img decoding=\"async\" id=\"image-149-416-2\" alt=\"\" src=\"https:\/\/holidayhomevegas.pl\/wp-content\/uploads\/2023\/09\/17-12-13-5266.webp\" class=\"ct-image cover-image\" data-id=\"image-149-416\"><\/div><div id=\"div_block-150-416-2\" class=\"ct-div-block offert-details\" data-id=\"div_block-150-416\"><div id=\"text_block-151-416-2\" class=\"ct-text-block offert-subtite\" data-id=\"text_block-151-416\"><span id=\"span-371-416\" class=\"ct-span\" >Strand<\/span><\/div><div id=\"text_block-152-416-2\" class=\"ct-text-block offert-title\" data-id=\"text_block-152-416\"><div><span style=\"background-color: transparent;\"><span id=\"span-225-416\" class=\"ct-span\" >Strand in Rewal<\/span><\/span><\/div><\/div><div id=\"div_block-153-416-2\" class=\"ct-div-block details-hidden\" data-id=\"div_block-153-416\"><div id=\"text_block-154-416-2\" class=\"ct-text-block txt hidden\" data-id=\"text_block-154-416\"><span id=\"span-217-416\" class=\"ct-span\" >Der Strand in Rewal ist eines seiner gr\u00f6\u00dften Highlights und zieht sowohl Einheimische als auch Touristen aus verschiedenen Teilen des Landes an. Ums\u00e4umt von Klippen und bedeckt mit goldenem Sand, bietet er ideale Bedingungen zum Entspannen, Sonnenbaden und Meerbaden.<\/span> <br><\/div><\/div><\/div><div id=\"div_block-156-416-2\" class=\"ct-div-block offert-overlay\" data-id=\"div_block-156-416\"><\/div><\/div><\/div><div id=\"div_block-144-416-3\" class=\"ct-div-block\" data-id=\"div_block-144-416\"><div id=\"div_block-147-416-3\" class=\"ct-div-block offert-tile\" data-id=\"div_block-147-416\"><div id=\"div_block-148-416-3\" class=\"ct-div-block offert-tile-img\" data-id=\"div_block-148-416\"><img decoding=\"async\" id=\"image-149-416-3\" alt=\"\" src=\"https:\/\/holidayhomevegas.pl\/wp-content\/uploads\/2023\/09\/15-15-32-5187.webp\" class=\"ct-image cover-image\" data-id=\"image-149-416\"><\/div><div id=\"div_block-150-416-3\" class=\"ct-div-block offert-details\" data-id=\"div_block-150-416\"><div id=\"text_block-151-416-3\" class=\"ct-text-block offert-subtite\" data-id=\"text_block-151-416\"><span id=\"span-371-416\" class=\"ct-span\" >F\u00fcr Kinder<\/span><\/div><div id=\"text_block-152-416-3\" class=\"ct-text-block offert-title\" data-id=\"text_block-152-416\"><div><span style=\"background-color: transparent;\"><span id=\"span-225-416\" class=\"ct-span\" >Miniaturen- und Eisenbahnpark<\/span><\/span><\/div><\/div><div id=\"div_block-153-416-3\" class=\"ct-div-block details-hidden\" data-id=\"div_block-153-416\"><div id=\"text_block-154-416-3\" class=\"ct-text-block txt hidden\" data-id=\"text_block-154-416\"><span id=\"span-217-416\" class=\"ct-span\" >Der Miniaturen- und Eisenbahnpark in Dziwn\u00f3w ist ein besonderer Ort f\u00fcr Technik- und Geschichtsbegeisterte. Hier k\u00f6nnen Sie sorgf\u00e4ltig angefertigte Modelle von Leuchtt\u00fcrmen der polnischen K\u00fcste sowie Miniaturversionen von Lokomotiven, Waggons und Dampfmaschinen bewundern.<\/span> <br><\/div><\/div><\/div><div id=\"div_block-156-416-3\" class=\"ct-div-block offert-overlay\" data-id=\"div_block-156-416\"><\/div><\/div><\/div><div id=\"div_block-144-416-4\" class=\"ct-div-block\" data-id=\"div_block-144-416\"><div id=\"div_block-147-416-4\" class=\"ct-div-block offert-tile\" data-id=\"div_block-147-416\"><div id=\"div_block-148-416-4\" class=\"ct-div-block offert-tile-img\" data-id=\"div_block-148-416\"><img decoding=\"async\" id=\"image-149-416-4\" alt=\"\" src=\"https:\/\/holidayhomevegas.pl\/wp-content\/uploads\/2023\/09\/23-18-00-4132.webp\" class=\"ct-image cover-image\" data-id=\"image-149-416\"><\/div><div id=\"div_block-150-416-4\" class=\"ct-div-block offert-details\" data-id=\"div_block-150-416\"><div id=\"text_block-151-416-4\" class=\"ct-text-block offert-subtite\" data-id=\"text_block-151-416\"><span id=\"span-371-416\" class=\"ct-span\" >Natur<\/span><\/div><div id=\"text_block-152-416-4\" class=\"ct-text-block offert-title\" data-id=\"text_block-152-416\"><div><span style=\"background-color: transparent;\"><span id=\"span-225-416\" class=\"ct-span\" >Schmetterlingshaus Dziwn\u00f3w<\/span><\/span><\/div><\/div><div id=\"div_block-153-416-4\" class=\"ct-div-block details-hidden\" data-id=\"div_block-153-416\"><div id=\"text_block-154-416-4\" class=\"ct-text-block txt hidden\" data-id=\"text_block-154-416\"><span id=\"span-217-416\" class=\"ct-span\" >F\u00fcr Liebhaber der zarten Reize der Natur empfehlen wir einen Besuch in unserem Schmetterlingsland - einer Ecke, in der lebende Schmetterlinge aus verschiedenen Teilen der Welt ihre Vielfalt pr\u00e4sentieren. <\/span> <br><\/div><\/div><\/div><div id=\"div_block-156-416-4\" class=\"ct-div-block offert-overlay\" data-id=\"div_block-156-416\"><\/div><\/div><\/div><div id=\"div_block-144-416-5\" class=\"ct-div-block\" data-id=\"div_block-144-416\"><div id=\"div_block-147-416-5\" class=\"ct-div-block offert-tile\" data-id=\"div_block-147-416\"><div id=\"div_block-148-416-5\" class=\"ct-div-block offert-tile-img\" data-id=\"div_block-148-416\"><img decoding=\"async\" id=\"image-149-416-5\" alt=\"\" src=\"https:\/\/holidayhomevegas.pl\/wp-content\/uploads\/2023\/09\/15-14-55-0052.webp\" class=\"ct-image cover-image\" data-id=\"image-149-416\"><\/div><div id=\"div_block-150-416-5\" class=\"ct-div-block offert-details\" data-id=\"div_block-150-416\"><div id=\"text_block-151-416-5\" class=\"ct-text-block offert-subtite\" data-id=\"text_block-151-416\"><span id=\"span-371-416\" class=\"ct-span\" >F\u00fcr Kinder<\/span><\/div><div id=\"text_block-152-416-5\" class=\"ct-text-block offert-title\" data-id=\"text_block-152-416\"><div><span style=\"background-color: transparent;\"><span id=\"span-225-416\" class=\"ct-span\" >Wale von Rewal<\/span><\/span><\/div><\/div><div id=\"div_block-153-416-5\" class=\"ct-div-block details-hidden\" data-id=\"div_block-153-416\"><div id=\"text_block-154-416-5\" class=\"ct-text-block txt hidden\" data-id=\"text_block-154-416\"><span id=\"span-217-416\" class=\"ct-span\" >Rewalskie Wieloryby, Ventus i Fluctus, to imponuj\u0105ce \u017celiwne konstrukcje w kszta\u0142cie szkielet\u00f3w morskich gigant\u00f3w, kt\u00f3re dominuj\u0105 w sercu <a href=\"https:\/\/holidayhomevegas.pl\/de\/rewal\/\"\" style=\"text-decoration:none; color:#ffffff;\">Rewala<\/a>. Te monumentalne dzie\u0142a, wa\u017c\u0105ce odpowiednio 10 i 5 ton.<\/span> <br><\/div><\/div><\/div><div id=\"div_block-156-416-5\" class=\"ct-div-block offert-overlay\" data-id=\"div_block-156-416\"><\/div><\/div><\/div><div id=\"div_block-144-416-6\" class=\"ct-div-block\" data-id=\"div_block-144-416\"><div id=\"div_block-147-416-6\" class=\"ct-div-block offert-tile\" data-id=\"div_block-147-416\"><div id=\"div_block-148-416-6\" class=\"ct-div-block offert-tile-img\" data-id=\"div_block-148-416\"><img decoding=\"async\" id=\"image-149-416-6\" alt=\"\" src=\"https:\/\/holidayhomevegas.pl\/wp-content\/uploads\/2023\/09\/15-15-16-5589.webp\" class=\"ct-image cover-image\" data-id=\"image-149-416\"><\/div><div id=\"div_block-150-416-6\" class=\"ct-div-block offert-details\" data-id=\"div_block-150-416\"><div id=\"text_block-151-416-6\" class=\"ct-text-block offert-subtite\" data-id=\"text_block-151-416\"><span id=\"span-371-416\" class=\"ct-span\" >Allee<\/span><\/div><div id=\"text_block-152-416-6\" class=\"ct-text-block offert-title\" data-id=\"text_block-152-416\"><div><span style=\"background-color: transparent;\"><span id=\"span-225-416\" class=\"ct-span\" >Allee der Rosen und Verliebten<\/span><\/span><\/div><\/div><div id=\"div_block-153-416-6\" class=\"ct-div-block details-hidden\" data-id=\"div_block-153-416\"><div id=\"text_block-154-416-6\" class=\"ct-text-block txt hidden\" data-id=\"text_block-154-416\"><span id=\"span-217-416\" class=\"ct-span\" >Die Allee der Rosen und Verliebten, gelegen auf einer malerischen Klippe, lockt Verliebte mit einer farbenfrohen Mosaik aus Rosen und Liebestafeln in mehreren Sprachen. Skulpturen von Romeo, Julia, dem kleinen Prinzen und der Rose verleihen dem Ort einen einzigartigen Charme und machen ihn zu einem Muss f\u00fcr alle Besucher.<\/span> <br><\/div><\/div><\/div><div id=\"div_block-156-416-6\" class=\"ct-div-block offert-overlay\" data-id=\"div_block-156-416\"><\/div><\/div><\/div><\/div>\n<\/div><\/section>","protected":false},"excerpt":{"rendered":"","protected":false},"author":3,"featured_media":0,"parent":0,"menu_order":0,"comment_status":"closed","ping_status":"closed","template":"","meta":{"_acf_changed":false,"footnotes":""},"class_list":["post-416","page","type-page","status-publish","hentry"],"acf":[],"yoast_head":"<!-- This site is optimized with the Yoast SEO plugin v23.3 - https:\/\/yoast.com\/wordpress\/plugins\/seo\/ -->\n<title>Atrakcje - Holiday Home Vegas<\/title>\n<meta name=\"description\" content=\"Holiday Home Vegas to ogromny dom posiadaj\u0105cy a\u017c 6 sypialni, dzi\u0119ki czemu jest \u015bwietn\u0105 ofert\u0105 dla du\u017cych grup i os\u00f3b poszukuj\u0105cych obiektu z wieloma udogodnieniami i atrakcjami, poniewa\u017c dom Vegas posiada sprz\u0119t zapewniaj\u0105cy prawdziw\u0105 rozrywk\u0119.\" \/>\n<meta name=\"robots\" content=\"index, follow, max-snippet:-1, max-image-preview:large, max-video-preview:-1\" \/>\n<link rel=\"canonical\" href=\"https:\/\/holidayhomevegas.pl\/de\/atrakcje\/\" \/>\n<meta property=\"og:locale\" content=\"de_DE\" \/>\n<meta property=\"og:type\" content=\"article\" \/>\n<meta property=\"og:title\" content=\"Atrakcje - Holiday Home Vegas\" \/>\n<meta property=\"og:description\" content=\"Holiday Home Vegas to ogromny dom posiadaj\u0105cy a\u017c 6 sypialni, dzi\u0119ki czemu jest \u015bwietn\u0105 ofert\u0105 dla du\u017cych grup i os\u00f3b poszukuj\u0105cych obiektu z wieloma udogodnieniami i atrakcjami, poniewa\u017c dom Vegas posiada sprz\u0119t zapewniaj\u0105cy prawdziw\u0105 rozrywk\u0119.\" \/>\n<meta property=\"og:url\" content=\"https:\/\/holidayhomevegas.pl\/de\/atrakcje\/\" \/>\n<meta property=\"og:site_name\" content=\"Holiday Home Vegas\" \/>\n<meta property=\"article:modified_time\" content=\"2023-09-06T13:46:45+00:00\" \/>\n<meta name=\"twitter:card\" content=\"summary_large_image\" \/>\n<script type=\"application\/ld+json\" class=\"yoast-schema-graph\">{\"@context\":\"https:\/\/schema.org\",\"@graph\":[{\"@type\":\"WebPage\",\"@id\":\"https:\/\/holidayhomevegas.pl\/atrakcje\/\",\"url\":\"https:\/\/holidayhomevegas.pl\/atrakcje\/\",\"name\":\"Atrakcje - Holiday Home Vegas\",\"isPartOf\":{\"@id\":\"https:\/\/holidayhomevegas.pl\/#website\"},\"datePublished\":\"2022-02-02T09:36:34+00:00\",\"dateModified\":\"2023-09-06T13:46:45+00:00\",\"description\":\"Holiday Home Vegas to ogromny dom posiadaj\u0105cy a\u017c 6 sypialni, dzi\u0119ki czemu jest \u015bwietn\u0105 ofert\u0105 dla du\u017cych grup i os\u00f3b poszukuj\u0105cych obiektu z wieloma udogodnieniami i atrakcjami, poniewa\u017c dom Vegas posiada sprz\u0119t zapewniaj\u0105cy prawdziw\u0105 rozrywk\u0119.\",\"breadcrumb\":{\"@id\":\"https:\/\/holidayhomevegas.pl\/atrakcje\/#breadcrumb\"},\"inLanguage\":\"de-DE\",\"potentialAction\":[{\"@type\":\"ReadAction\",\"target\":[\"https:\/\/holidayhomevegas.pl\/atrakcje\/\"]}]},{\"@type\":\"BreadcrumbList\",\"@id\":\"https:\/\/holidayhomevegas.pl\/atrakcje\/#breadcrumb\",\"itemListElement\":[{\"@type\":\"ListItem\",\"position\":1,\"name\":\"Strona g\u0142\u00f3wna\",\"item\":\"https:\/\/holidayhomevegas.pl\/\"},{\"@type\":\"ListItem\",\"position\":2,\"name\":\"Atrakcje\"}]},{\"@type\":\"WebSite\",\"@id\":\"https:\/\/holidayhomevegas.pl\/#website\",\"url\":\"https:\/\/holidayhomevegas.pl\/\",\"name\":\"Holiday Home Vegas\",\"description\":\"Holiday Home Vegas\",\"potentialAction\":[{\"@type\":\"SearchAction\",\"target\":{\"@type\":\"EntryPoint\",\"urlTemplate\":\"https:\/\/holidayhomevegas.pl\/?s={search_term_string}\"},\"query-input\":\"required name=search_term_string\"}],\"inLanguage\":\"de-DE\"}]}<\/script>\n<!-- \/ Yoast SEO plugin. -->","yoast_head_json":{"title":"Atrakcje - Holiday Home Vegas","description":"Holiday Home Vegas to ogromny dom posiadaj\u0105cy a\u017c 6 sypialni, dzi\u0119ki czemu jest \u015bwietn\u0105 ofert\u0105 dla du\u017cych grup i os\u00f3b poszukuj\u0105cych obiektu z wieloma udogodnieniami i atrakcjami, poniewa\u017c dom Vegas posiada sprz\u0119t zapewniaj\u0105cy prawdziw\u0105 rozrywk\u0119.","robots":{"index":"index","follow":"follow","max-snippet":"max-snippet:-1","max-image-preview":"max-image-preview:large","max-video-preview":"max-video-preview:-1"},"canonical":"https:\/\/holidayhomevegas.pl\/de\/atrakcje\/","og_locale":"de_DE","og_type":"article","og_title":"Atrakcje - Holiday Home Vegas","og_description":"Holiday Home Vegas to ogromny dom posiadaj\u0105cy a\u017c 6 sypialni, dzi\u0119ki czemu jest \u015bwietn\u0105 ofert\u0105 dla du\u017cych grup i os\u00f3b poszukuj\u0105cych obiektu z wieloma udogodnieniami i atrakcjami, poniewa\u017c dom Vegas posiada sprz\u0119t zapewniaj\u0105cy prawdziw\u0105 rozrywk\u0119.","og_url":"https:\/\/holidayhomevegas.pl\/de\/atrakcje\/","og_site_name":"Holiday Home Vegas","article_modified_time":"2023-09-06T13:46:45+00:00","twitter_card":"summary_large_image","schema":{"@context":"https:\/\/schema.org","@graph":[{"@type":"WebPage","@id":"https:\/\/holidayhomevegas.pl\/atrakcje\/","url":"https:\/\/holidayhomevegas.pl\/atrakcje\/","name":"Atrakcje - Holiday Home Vegas","isPartOf":{"@id":"https:\/\/holidayhomevegas.pl\/#website"},"datePublished":"2022-02-02T09:36:34+00:00","dateModified":"2023-09-06T13:46:45+00:00","description":"Holiday Home Vegas to ogromny dom posiadaj\u0105cy a\u017c 6 sypialni, dzi\u0119ki czemu jest \u015bwietn\u0105 ofert\u0105 dla du\u017cych grup i os\u00f3b poszukuj\u0105cych obiektu z wieloma udogodnieniami i atrakcjami, poniewa\u017c dom Vegas posiada sprz\u0119t zapewniaj\u0105cy prawdziw\u0105 rozrywk\u0119.","breadcrumb":{"@id":"https:\/\/holidayhomevegas.pl\/atrakcje\/#breadcrumb"},"inLanguage":"de-DE","potentialAction":[{"@type":"ReadAction","target":["https:\/\/holidayhomevegas.pl\/atrakcje\/"]}]},{"@type":"BreadcrumbList","@id":"https:\/\/holidayhomevegas.pl\/atrakcje\/#breadcrumb","itemListElement":[{"@type":"ListItem","position":1,"name":"Strona g\u0142\u00f3wna","item":"https:\/\/holidayhomevegas.pl\/"},{"@type":"ListItem","position":2,"name":"Atrakcje"}]},{"@type":"WebSite","@id":"https:\/\/holidayhomevegas.pl\/#website","url":"https:\/\/holidayhomevegas.pl\/","name":"Holiday Home Vegas","description":"Holiday Home Vegas","potentialAction":[{"@type":"SearchAction","target":{"@type":"EntryPoint","urlTemplate":"https:\/\/holidayhomevegas.pl\/?s={search_term_string}"},"query-input":"required name=search_term_string"}],"inLanguage":"de-DE"}]}},"_links":{"self":[{"href":"https:\/\/holidayhomevegas.pl\/de\/wp-json\/wp\/v2\/pages\/416"}],"collection":[{"href":"https:\/\/holidayhomevegas.pl\/de\/wp-json\/wp\/v2\/pages"}],"about":[{"href":"https:\/\/holidayhomevegas.pl\/de\/wp-json\/wp\/v2\/types\/page"}],"author":[{"embeddable":true,"href":"https:\/\/holidayhomevegas.pl\/de\/wp-json\/wp\/v2\/users\/3"}],"replies":[{"embeddable":true,"href":"https:\/\/holidayhomevegas.pl\/de\/wp-json\/wp\/v2\/comments?post=416"}],"version-history":[{"count":50,"href":"https:\/\/holidayhomevegas.pl\/de\/wp-json\/wp\/v2\/pages\/416\/revisions"}],"predecessor-version":[{"id":1395,"href":"https:\/\/holidayhomevegas.pl\/de\/wp-json\/wp\/v2\/pages\/416\/revisions\/1395"}],"wp:attachment":[{"href":"https:\/\/holidayhomevegas.pl\/de\/wp-json\/wp\/v2\/media?parent=416"}],"curies":[{"name":"wp","href":"https:\/\/api.w.org\/{rel}","templated":true}]}}