{"id":850,"date":"2022-08-09T14:48:23","date_gmt":"2022-08-09T12:48:23","guid":{"rendered":"https:\/\/emillycenter.pl\/?page_id=850"},"modified":"2023-09-14T14:35:34","modified_gmt":"2023-09-14T12:35:34","slug":"regulamin","status":"publish","type":"page","link":"https:\/\/holidayhomevegas.pl\/de\/regulamin\/","title":{"rendered":"Verordnungen"},"content":{"rendered":"<section id=\"section-2-850\" class=\"ct-section\" style=\"background-image:linear-gradient(rgba(0,0,0,0.4), rgba(0,0,0,0.4)), url(https:\/\/vegas.nfhotel.usermd.net\/wp-content\/uploads\/2023\/09\/DSC09690-2.jpg);background-size:auto,  cover;\" ><div class=\"ct-section-inner-wrap\"><div id=\"div_block-3-850\" class=\"ct-div-block hero\" ><h1 id=\"headline-4-850\" class=\"ct-headline hero-title homePage\">Verordnungen<\/h1><div id=\"text_block-5-850\" class=\"ct-text-block hero-text\" >Buchungsvorschriften<\/div><div id=\"code_block-1-558\" class=\"ct-code-block\" ><\/div><\/div><\/div><\/section><section id=\"section-7-850\" class=\"ct-section\" ><div class=\"ct-section-inner-wrap\"><div id=\"div_block-8-850\" class=\"ct-div-block txt\" ><div id=\"_rich_text-12-850\" class=\"oxy-rich-text\" ><p align=\"center\">Holiday Home Vegas<\/p>\n<p style=\"text-align: left;\" align=\"center\">Verordnungen<\/p>\n<ol>\n<li>\n<p>Das Haus wird t\u00e4glich im Rahmen des angebotenen \u00dcbernachtungsservices vermietet.<\/p>\n<\/li>\n<li>\n<p>Ein Tag dauert von 16:00 Uhr bis 10:00 Uhr.<\/p>\n<\/li>\n<li>\n<p>W\u00fcnscht der Gast eine Verl\u00e4ngerung seines Aufenthalts \u00fcber den bei Ankunft angegebenen Zeitraum hinaus, sollte er die folgende Nummer kontaktieren:&nbsp;<span id=\"span-461-10\">604-558-055<\/span><\/p>\n<\/li>\n<li>\n<p>Anfragen zur Verl\u00e4ngerung des Aufenthalts werden je nach Verf\u00fcgbarkeit ber\u00fccksichtigt, und es k\u00f6nnen zus\u00e4tzliche Geb\u00fchren anfallen.<\/p>\n<\/li>\n<li>Haustiere werden nach Absprache mit der Unterkunft akzeptiert.<\/li>\n<li>Von 22:00 Uhr bis 7:00 Uhr gilt die Nachtruhe.<\/li>\n<li>Das Verhalten der G\u00e4ste und derjenigen, die die \u00dcbernachtungsdienste in Anspruch nehmen, sollte andere G\u00e4ste nicht st\u00f6ren.<\/li>\n<li>Der Eigent\u00fcmer kann die weitere Inanspruchnahme seiner Dienstleistungen verweigern, wenn diese Regel verletzt wird, und ist dann nicht zur R\u00fcckerstattung des Geldes f\u00fcr den ungenutzten Zeitraum verpflichtet.<\/li>\n<li>F\u00fcr den Aufenthalt im Apartment erhebt Holiday Home Vegas eine Kaution in H\u00f6he von 1.500 PLN. Diese wird vom Unterkunftsgeber vor der Anreise bzw. beim Check-in gesondert in Rechnung gestellt\nDie Kaution wird innerhalb von 7 Tagen nach dem Check-out zur\u00fcckerstattet, sofern keine Sch\u00e4den festgestellt werden.&nbsp;<\/li>\n<\/ol>\n<p style=\"text-align: left;\" align=\"center\">VERPFLICHTUNGEN DES EIGENT\u00dcMERS:<\/p>\n<ol>\n<li>\n<p>Der Eigent\u00fcmer verpflichtet sich, den G\u00e4sten volle Ruhe zu gew\u00e4hrleisten.<\/p>\n<\/li>\n<li>\n<p>Der Eigent\u00fcmer ist verpflichtet, das Apartment vor Ankunft des Gastes vorzubereiten.<\/p>\n<\/li>\n<li>\n<p>Der Eigent\u00fcmer muss unverz\u00fcglich auf Kommentare und Vorbehalte in Bezug auf den Service, die Funktion der Einrichtungsger\u00e4te, Sauberkeit und Ordnung reagieren, indem er Ma\u00dfnahmen ergreift, um M\u00e4ngel und Defizite sofort zu beheben.<\/p>\n<\/li>\n<li>\n<p>Der Eigent\u00fcmer haftet nicht f\u00fcr den Verlust von Wertgegenst\u00e4nden, die in der Unterkunft zur\u00fcckgelassen wurden oder deren Besch\u00e4digung.<\/p>\n<\/li>\n<\/ol>\n<p style=\"text-align: left;\" align=\"center\">VERPFLICHTUNGEN DES GASTES:<\/p>\n<ol>\n<li>\n<p>Jedes Mal, wenn ein Gast die Unterkunft verl\u00e4sst, sollte er \u00fcberpr\u00fcfen, ob die T\u00fcr verschlossen ist.<\/p>\n<\/li>\n<li>\n<p>Der Gast haftet finanziell f\u00fcr Sch\u00e4den oder Zerst\u00f6rungen am Inventar und den technischen Ger\u00e4ten der Unterkunft, die durch sein Verschulden oder das Verschulden seiner Besucher entstanden sind. Es ist den G\u00e4sten untersagt, in die Ausstattung, das Layout, die M\u00f6belanordnung und die Sicherheit des Apartments einzugreifen.<\/p>\n<\/li>\n<li>\n<p>Im Apartment ist das Rauchen strengstens verboten.<\/p>\n<\/li>\n<li>\n<p>Das Organisieren von Gesellschaftsveranstaltungen im Apartment ist nicht erlaubt.<\/p>\n<\/li>\n<\/ol>\n<p>&nbsp;<\/p>\n<div>\n<p>STORNIERUNG DER RESERVIERUNG &nbsp;<\/p>\n<ol>\n<li>Im Falle einer Stornierung durch den Kunden verbleibt die gezahlte Anzahlung beim Betrieb.<\/li>\n<li>Die Einrichtung hat das Recht, eine best\u00e4tigte Reservierung innerhalb von 24 Stunden nach der Buchung der Anzahlung zu stornieren. In diesem Fall wird die Anzahlung dem Kunden zur\u00fcckerstattet.<\/li>\n<\/ol>\n<p>GEB\u00dcHREN<\/p>\n<ol>\n<li>Der Kunde ist verpflichtet, die bei der Reservierung angegebene Anzahlung zu leisten. Dies kann er mittels:\n<ul>\n<li>Elektronischer Zahlung - \u00dcberweisung und E-\u00dcberweisung \u00fcber Przelewy24.<\/li>\n<\/ul>\n<\/li>\n<\/ol>\n<ol>\n<li>Der verbleibende Teil der Zahlung f\u00fcr den gesamten Aufenthalt ist bei Ankunft in der Einrichtung vom Kunden zu entrichten.<\/li>\n<li>Dem Kunden entstehen keine Kosten im Zusammenhang mit dem Online-Reservierungsverfahren.<\/li>\n<li>Beschwerden bitte per E-Mail an: holidayhomevega@interia.pl senden, die \u00dcberpr\u00fcfungsfrist betr\u00e4gt bis zu 14 Arbeitstage.<\/li>\n<\/ol>\n<\/div>\n<p style=\"text-align: left;\" align=\"center\">AKZEPTANZ DER HAUSORDNUNG<\/p>\n<ol>\n<li>\n<p>Diese Hausordnung steht auf der Webseite der Unterkunft zur Verf\u00fcgung, ist in den Zimmern erh\u00e4ltlich und wird interessierten Kunden vor Abschluss des Vertrags zur Verf\u00fcgung gestellt.<a name=\"_GoBack\"><\/a><\/p>\n<\/li>\n<li>\n<p><a name=\"_GoBack\"><\/a>Eine Reservierung im Holiday Home Vegas bedeutet die Annahme dieser Hausordnung.<\/p>\n<\/li>\n<li>Zahlungen werden \u00fcber Przelewy24 abgewickelt.<\/li>\n<\/ol><\/div><\/div><div id=\"div_block-13-850\" class=\"ct-div-block\" ><img decoding=\"async\"  id=\"image-14-850\" alt=\"\" src=\"https:\/\/holidayhomevegas.pl\/wp-content\/uploads\/2023\/09\/logotyp.jpg\" class=\"ct-image\" srcset-disabled=\"https:\/\/holidayhomevegas.pl\/wp-content\/uploads\/2023\/09\/logotyp.jpg 682w, https:\/\/holidayhomevegas.pl\/wp-content\/uploads\/2023\/09\/logotyp-300x34.jpg 300w, https:\/\/holidayhomevegas.pl\/wp-content\/uploads\/2023\/09\/logotyp-18x2.jpg 18w\" sizes=\"(max-width: 682px) 100vw, 682px\" \/><img decoding=\"async\"  id=\"image-15-850\" alt=\"\" src=\"https:\/\/holidayhomevegas.pl\/wp-content\/uploads\/2023\/09\/Przelewy24_logo.png\" class=\"ct-image\" srcset-disabled=\"https:\/\/holidayhomevegas.pl\/wp-content\/uploads\/2023\/09\/Przelewy24_logo.png 200w, https:\/\/holidayhomevegas.pl\/wp-content\/uploads\/2023\/09\/Przelewy24_logo-18x6.png 18w\" sizes=\"(max-width: 200px) 100vw, 200px\" \/><\/div><\/div><\/section>","protected":false},"excerpt":{"rendered":"","protected":false},"author":3,"featured_media":0,"parent":0,"menu_order":0,"comment_status":"closed","ping_status":"closed","template":"","meta":{"_acf_changed":false,"footnotes":""},"class_list":["post-850","page","type-page","status-publish","hentry"],"acf":[],"yoast_head":"<!-- This site is optimized with the Yoast SEO plugin v23.3 - https:\/\/yoast.com\/wordpress\/plugins\/seo\/ -->\n<title>Regulamin - Holiday Home Vegas<\/title>\n<meta name=\"description\" content=\"Holiday Home Vegas to ogromny dom posiadaj\u0105cy a\u017c 6 sypialni, dzi\u0119ki czemu jest \u015bwietn\u0105 ofert\u0105 dla du\u017cych grup i os\u00f3b poszukuj\u0105cych obiektu z wieloma udogodnieniami i atrakcjami, poniewa\u017c dom Vegas posiada sprz\u0119t zapewniaj\u0105cy prawdziw\u0105 rozrywk\u0119.\" \/>\n<meta name=\"robots\" content=\"index, follow, max-snippet:-1, max-image-preview:large, max-video-preview:-1\" \/>\n<link rel=\"canonical\" href=\"https:\/\/holidayhomevegas.pl\/de\/regulamin\/\" \/>\n<meta property=\"og:locale\" content=\"de_DE\" \/>\n<meta property=\"og:type\" content=\"article\" \/>\n<meta property=\"og:title\" content=\"Regulamin - Holiday Home Vegas\" \/>\n<meta property=\"og:description\" content=\"Holiday Home Vegas to ogromny dom posiadaj\u0105cy a\u017c 6 sypialni, dzi\u0119ki czemu jest \u015bwietn\u0105 ofert\u0105 dla du\u017cych grup i os\u00f3b poszukuj\u0105cych obiektu z wieloma udogodnieniami i atrakcjami, poniewa\u017c dom Vegas posiada sprz\u0119t zapewniaj\u0105cy prawdziw\u0105 rozrywk\u0119.\" \/>\n<meta property=\"og:url\" content=\"https:\/\/holidayhomevegas.pl\/de\/regulamin\/\" \/>\n<meta property=\"og:site_name\" content=\"Holiday Home Vegas\" \/>\n<meta property=\"article:modified_time\" content=\"2023-09-14T12:35:34+00:00\" \/>\n<meta name=\"twitter:card\" content=\"summary_large_image\" \/>\n<script type=\"application\/ld+json\" class=\"yoast-schema-graph\">{\"@context\":\"https:\/\/schema.org\",\"@graph\":[{\"@type\":\"WebPage\",\"@id\":\"https:\/\/holidayhomevegas.pl\/regulamin\/\",\"url\":\"https:\/\/holidayhomevegas.pl\/regulamin\/\",\"name\":\"Regulamin - Holiday Home Vegas\",\"isPartOf\":{\"@id\":\"https:\/\/holidayhomevegas.pl\/#website\"},\"datePublished\":\"2022-08-09T12:48:23+00:00\",\"dateModified\":\"2023-09-14T12:35:34+00:00\",\"description\":\"Holiday Home Vegas to ogromny dom posiadaj\u0105cy a\u017c 6 sypialni, dzi\u0119ki czemu jest \u015bwietn\u0105 ofert\u0105 dla du\u017cych grup i os\u00f3b poszukuj\u0105cych obiektu z wieloma udogodnieniami i atrakcjami, poniewa\u017c dom Vegas posiada sprz\u0119t zapewniaj\u0105cy prawdziw\u0105 rozrywk\u0119.\",\"breadcrumb\":{\"@id\":\"https:\/\/holidayhomevegas.pl\/regulamin\/#breadcrumb\"},\"inLanguage\":\"de-DE\",\"potentialAction\":[{\"@type\":\"ReadAction\",\"target\":[\"https:\/\/holidayhomevegas.pl\/regulamin\/\"]}]},{\"@type\":\"BreadcrumbList\",\"@id\":\"https:\/\/holidayhomevegas.pl\/regulamin\/#breadcrumb\",\"itemListElement\":[{\"@type\":\"ListItem\",\"position\":1,\"name\":\"Strona g\u0142\u00f3wna\",\"item\":\"https:\/\/holidayhomevegas.pl\/\"},{\"@type\":\"ListItem\",\"position\":2,\"name\":\"Regulamin\"}]},{\"@type\":\"WebSite\",\"@id\":\"https:\/\/holidayhomevegas.pl\/#website\",\"url\":\"https:\/\/holidayhomevegas.pl\/\",\"name\":\"Holiday Home Vegas\",\"description\":\"Holiday Home Vegas\",\"potentialAction\":[{\"@type\":\"SearchAction\",\"target\":{\"@type\":\"EntryPoint\",\"urlTemplate\":\"https:\/\/holidayhomevegas.pl\/?s={search_term_string}\"},\"query-input\":\"required name=search_term_string\"}],\"inLanguage\":\"de-DE\"}]}<\/script>\n<!-- \/ Yoast SEO plugin. -->","yoast_head_json":{"title":"Regulamin - Holiday Home Vegas","description":"Holiday Home Vegas to ogromny dom posiadaj\u0105cy a\u017c 6 sypialni, dzi\u0119ki czemu jest \u015bwietn\u0105 ofert\u0105 dla du\u017cych grup i os\u00f3b poszukuj\u0105cych obiektu z wieloma udogodnieniami i atrakcjami, poniewa\u017c dom Vegas posiada sprz\u0119t zapewniaj\u0105cy prawdziw\u0105 rozrywk\u0119.","robots":{"index":"index","follow":"follow","max-snippet":"max-snippet:-1","max-image-preview":"max-image-preview:large","max-video-preview":"max-video-preview:-1"},"canonical":"https:\/\/holidayhomevegas.pl\/de\/regulamin\/","og_locale":"de_DE","og_type":"article","og_title":"Regulamin - Holiday Home Vegas","og_description":"Holiday Home Vegas to ogromny dom posiadaj\u0105cy a\u017c 6 sypialni, dzi\u0119ki czemu jest \u015bwietn\u0105 ofert\u0105 dla du\u017cych grup i os\u00f3b poszukuj\u0105cych obiektu z wieloma udogodnieniami i atrakcjami, poniewa\u017c dom Vegas posiada sprz\u0119t zapewniaj\u0105cy prawdziw\u0105 rozrywk\u0119.","og_url":"https:\/\/holidayhomevegas.pl\/de\/regulamin\/","og_site_name":"Holiday Home Vegas","article_modified_time":"2023-09-14T12:35:34+00:00","twitter_card":"summary_large_image","schema":{"@context":"https:\/\/schema.org","@graph":[{"@type":"WebPage","@id":"https:\/\/holidayhomevegas.pl\/regulamin\/","url":"https:\/\/holidayhomevegas.pl\/regulamin\/","name":"Regulamin - Holiday Home Vegas","isPartOf":{"@id":"https:\/\/holidayhomevegas.pl\/#website"},"datePublished":"2022-08-09T12:48:23+00:00","dateModified":"2023-09-14T12:35:34+00:00","description":"Holiday Home Vegas to ogromny dom posiadaj\u0105cy a\u017c 6 sypialni, dzi\u0119ki czemu jest \u015bwietn\u0105 ofert\u0105 dla du\u017cych grup i os\u00f3b poszukuj\u0105cych obiektu z wieloma udogodnieniami i atrakcjami, poniewa\u017c dom Vegas posiada sprz\u0119t zapewniaj\u0105cy prawdziw\u0105 rozrywk\u0119.","breadcrumb":{"@id":"https:\/\/holidayhomevegas.pl\/regulamin\/#breadcrumb"},"inLanguage":"de-DE","potentialAction":[{"@type":"ReadAction","target":["https:\/\/holidayhomevegas.pl\/regulamin\/"]}]},{"@type":"BreadcrumbList","@id":"https:\/\/holidayhomevegas.pl\/regulamin\/#breadcrumb","itemListElement":[{"@type":"ListItem","position":1,"name":"Strona g\u0142\u00f3wna","item":"https:\/\/holidayhomevegas.pl\/"},{"@type":"ListItem","position":2,"name":"Regulamin"}]},{"@type":"WebSite","@id":"https:\/\/holidayhomevegas.pl\/#website","url":"https:\/\/holidayhomevegas.pl\/","name":"Holiday Home Vegas","description":"Holiday Home Vegas","potentialAction":[{"@type":"SearchAction","target":{"@type":"EntryPoint","urlTemplate":"https:\/\/holidayhomevegas.pl\/?s={search_term_string}"},"query-input":"required name=search_term_string"}],"inLanguage":"de-DE"}]}},"_links":{"self":[{"href":"https:\/\/holidayhomevegas.pl\/de\/wp-json\/wp\/v2\/pages\/850"}],"collection":[{"href":"https:\/\/holidayhomevegas.pl\/de\/wp-json\/wp\/v2\/pages"}],"about":[{"href":"https:\/\/holidayhomevegas.pl\/de\/wp-json\/wp\/v2\/types\/page"}],"author":[{"embeddable":true,"href":"https:\/\/holidayhomevegas.pl\/de\/wp-json\/wp\/v2\/users\/3"}],"replies":[{"embeddable":true,"href":"https:\/\/holidayhomevegas.pl\/de\/wp-json\/wp\/v2\/comments?post=850"}],"version-history":[{"count":20,"href":"https:\/\/holidayhomevegas.pl\/de\/wp-json\/wp\/v2\/pages\/850\/revisions"}],"predecessor-version":[{"id":1410,"href":"https:\/\/holidayhomevegas.pl\/de\/wp-json\/wp\/v2\/pages\/850\/revisions\/1410"}],"wp:attachment":[{"href":"https:\/\/holidayhomevegas.pl\/de\/wp-json\/wp\/v2\/media?parent=850"}],"curies":[{"name":"wp","href":"https:\/\/api.w.org\/{rel}","templated":true}]}}