{"id":416,"date":"2022-02-02T10:36:34","date_gmt":"2022-02-02T09:36:34","guid":{"rendered":"https:\/\/emillycenter.pl\/?page_id=416"},"modified":"2023-09-06T15:46:45","modified_gmt":"2023-09-06T13:46:45","slug":"atrakcje","status":"publish","type":"page","link":"https:\/\/holidayhomevegas.pl\/en\/atrakcje\/","title":{"rendered":"Attractions"},"content":{"rendered":"<section id=\"section-2-414\" class=\"ct-section\" style=\"background-image:linear-gradient(rgba(0,0,0,0.4), rgba(0,0,0,0.4)), url(\/wp-content\/uploads\/2023\/09\/15-15-37-3955.webp);background-size:auto,  cover;\" ><div class=\"ct-section-inner-wrap\"><div id=\"div_block-3-414\" class=\"ct-div-block hero\" ><h1 id=\"headline-5-414\" class=\"ct-headline hero-title homePage\">Neighborhood<\/h1><div id=\"text_block-6-414\" class=\"ct-text-block hero-text\" >Local Attractions<\/div><\/div><div id=\"code_block-1-558\" class=\"ct-code-block\" ><\/div><\/div><\/section><section id=\"section-8-414\" class=\"ct-section section\" ><div class=\"ct-section-inner-wrap\"><div id=\"div_block-450-416\" class=\"ct-div-block w50 imgContainer\" ><div id=\"div_block-451-416\" class=\"ct-div-block about-imgBig\" ><img decoding=\"async\"  id=\"image-452-416\" alt=\"\" src=\"https:\/\/holidayhomevegas.pl\/wp-content\/uploads\/2023\/09\/17-12-13-5368.webp\" class=\"ct-image cover-image\"\/><\/div><div id=\"div_block-453-416\" class=\"ct-div-block about-imgSmall\" ><img decoding=\"async\"  id=\"image-454-416\" alt=\"\" src=\"https:\/\/holidayhomevegas.pl\/wp-content\/uploads\/2023\/09\/17-12-13-5266.webp\" class=\"ct-image cover-image\"\/><\/div><\/div><div id=\"div_block-455-416\" class=\"ct-div-block w50 textContainer\" ><div id=\"text_block-456-416\" class=\"ct-text-block subtitle\" >SURROUNDINGS<\/div><div id=\"text_block-457-416\" class=\"ct-text-block title\" >Ko\u0142czewo<\/div><div id=\"text_block-458-416\" class=\"ct-text-block txt\" >Ko\u0142czewo is a picturesque town on the Wolin island, situated on the shores of the Szczecin Lagoon. It is characterized by beautiful landscapes combining lakes, forests, and small hills. Ko\u0142czewo is home to one of the oldest golf courses in Poland, attracting enthusiasts of the sport. Right next to the town, the golden beaches of the Baltic spread out, offering an ideal relaxation spot. For nature lovers, the \"Ko\u0142czewo\" reserve tempts with its diverse flora and fauna. Discover the charms of Ko\u0142czewo and feel in harmony with nature!<\/div><\/div><\/div><\/section><section id=\"section-108-416\" class=\"ct-section\" ><div class=\"ct-section-inner-wrap\"><div id=\"text_block-109-416\" class=\"ct-text-block subtitle\" >Attractions<\/div><div id=\"text_block-110-416\" class=\"ct-text-block title\" >See what attractions are in the area.<\/div><div id=\"_dynamic_list-143-416\" class=\"oxy-dynamic-list\"><div id=\"div_block-144-416-1\" class=\"ct-div-block\" data-id=\"div_block-144-416\"><div id=\"div_block-147-416-1\" class=\"ct-div-block offert-tile\" data-id=\"div_block-147-416\"><div id=\"div_block-148-416-1\" class=\"ct-div-block offert-tile-img\" data-id=\"div_block-148-416\"><img decoding=\"async\" id=\"image-149-416-1\" alt=\"\" src=\"https:\/\/holidayhomevegas.pl\/wp-content\/uploads\/2023\/09\/22-13-30-4927.webp\" class=\"ct-image cover-image\" data-id=\"image-149-416\"><\/div><div id=\"div_block-150-416-1\" class=\"ct-div-block offert-details\" data-id=\"div_block-150-416\"><div id=\"text_block-151-416-1\" class=\"ct-text-block offert-subtite\" data-id=\"text_block-151-416\"><span id=\"span-371-416\" class=\"ct-span\" >National Park<\/span><\/div><div id=\"text_block-152-416-1\" class=\"ct-text-block offert-title\" data-id=\"text_block-152-416\"><div><span style=\"background-color: transparent;\"><span id=\"span-225-416\" class=\"ct-span\" >Woli\u0144ski National Park<\/span><\/span><\/div><\/div><div id=\"div_block-153-416-1\" class=\"ct-div-block details-hidden\" data-id=\"div_block-153-416\"><div id=\"text_block-154-416-1\" class=\"ct-text-block txt hidden\" data-id=\"text_block-154-416\"><span id=\"span-217-416\" class=\"ct-span\" >The Wolin National Park is a mysterious land where forests intertwine with the seashore, and cliffs proudly rise above the rolling Baltic Sea.<\/span> <br><\/div><\/div><\/div><div id=\"div_block-156-416-1\" class=\"ct-div-block offert-overlay\" data-id=\"div_block-156-416\"><\/div><\/div><\/div><div id=\"div_block-144-416-2\" class=\"ct-div-block\" data-id=\"div_block-144-416\"><div id=\"div_block-147-416-2\" class=\"ct-div-block offert-tile\" data-id=\"div_block-147-416\"><div id=\"div_block-148-416-2\" class=\"ct-div-block offert-tile-img\" data-id=\"div_block-148-416\"><img decoding=\"async\" id=\"image-149-416-2\" alt=\"\" src=\"https:\/\/holidayhomevegas.pl\/wp-content\/uploads\/2023\/09\/17-12-13-5266.webp\" class=\"ct-image cover-image\" data-id=\"image-149-416\"><\/div><div id=\"div_block-150-416-2\" class=\"ct-div-block offert-details\" data-id=\"div_block-150-416\"><div id=\"text_block-151-416-2\" class=\"ct-text-block offert-subtite\" data-id=\"text_block-151-416\"><span id=\"span-371-416\" class=\"ct-span\" >Beach<\/span><\/div><div id=\"text_block-152-416-2\" class=\"ct-text-block offert-title\" data-id=\"text_block-152-416\"><div><span style=\"background-color: transparent;\"><span id=\"span-225-416\" class=\"ct-span\" >Rewal beach<\/span><\/span><\/div><\/div><div id=\"div_block-153-416-2\" class=\"ct-div-block details-hidden\" data-id=\"div_block-153-416\"><div id=\"text_block-154-416-2\" class=\"ct-text-block txt hidden\" data-id=\"text_block-154-416\"><span id=\"span-217-416\" class=\"ct-span\" >The beach in Rewal is one of its greatest assets, attracting both locals and tourists from different parts of the country. Surrounded by cliffs and covered with golden sand, it offers ideal conditions for relaxation, sunbathing, and sea bathing.<\/span> <br><\/div><\/div><\/div><div id=\"div_block-156-416-2\" class=\"ct-div-block offert-overlay\" data-id=\"div_block-156-416\"><\/div><\/div><\/div><div id=\"div_block-144-416-3\" class=\"ct-div-block\" data-id=\"div_block-144-416\"><div id=\"div_block-147-416-3\" class=\"ct-div-block offert-tile\" data-id=\"div_block-147-416\"><div id=\"div_block-148-416-3\" class=\"ct-div-block offert-tile-img\" data-id=\"div_block-148-416\"><img decoding=\"async\" id=\"image-149-416-3\" alt=\"\" src=\"https:\/\/holidayhomevegas.pl\/wp-content\/uploads\/2023\/09\/15-15-32-5187.webp\" class=\"ct-image cover-image\" data-id=\"image-149-416\"><\/div><div id=\"div_block-150-416-3\" class=\"ct-div-block offert-details\" data-id=\"div_block-150-416\"><div id=\"text_block-151-416-3\" class=\"ct-text-block offert-subtite\" data-id=\"text_block-151-416\"><span id=\"span-371-416\" class=\"ct-span\" >For kids<\/span><\/div><div id=\"text_block-152-416-3\" class=\"ct-text-block offert-title\" data-id=\"text_block-152-416\"><div><span style=\"background-color: transparent;\"><span id=\"span-225-416\" class=\"ct-span\" >Park Miniatur i Kolejek<\/span><\/span><\/div><\/div><div id=\"div_block-153-416-3\" class=\"ct-div-block details-hidden\" data-id=\"div_block-153-416\"><div id=\"text_block-154-416-3\" class=\"ct-text-block txt hidden\" data-id=\"text_block-154-416\"><span id=\"span-217-416\" class=\"ct-span\" >Park Miniatur i Kolejek in Dziwn\u00f3w is a unique place for enthusiasts of history and technology. Here, you can admire meticulously crafted models of lighthouses from the Polish coast as well as miniature versions of locomotives, wagons, and steam engines.<\/span> <br><\/div><\/div><\/div><div id=\"div_block-156-416-3\" class=\"ct-div-block offert-overlay\" data-id=\"div_block-156-416\"><\/div><\/div><\/div><div id=\"div_block-144-416-4\" class=\"ct-div-block\" data-id=\"div_block-144-416\"><div id=\"div_block-147-416-4\" class=\"ct-div-block offert-tile\" data-id=\"div_block-147-416\"><div id=\"div_block-148-416-4\" class=\"ct-div-block offert-tile-img\" data-id=\"div_block-148-416\"><img decoding=\"async\" id=\"image-149-416-4\" alt=\"\" src=\"https:\/\/holidayhomevegas.pl\/wp-content\/uploads\/2023\/09\/23-18-00-4132.webp\" class=\"ct-image cover-image\" data-id=\"image-149-416\"><\/div><div id=\"div_block-150-416-4\" class=\"ct-div-block offert-details\" data-id=\"div_block-150-416\"><div id=\"text_block-151-416-4\" class=\"ct-text-block offert-subtite\" data-id=\"text_block-151-416\"><span id=\"span-371-416\" class=\"ct-span\" >Nature<\/span><\/div><div id=\"text_block-152-416-4\" class=\"ct-text-block offert-title\" data-id=\"text_block-152-416\"><div><span style=\"background-color: transparent;\"><span id=\"span-225-416\" class=\"ct-span\" >Dziwn\u00f3w Butterfly House<\/span><\/span><\/div><\/div><div id=\"div_block-153-416-4\" class=\"ct-div-block details-hidden\" data-id=\"div_block-153-416\"><div id=\"text_block-154-416-4\" class=\"ct-text-block txt hidden\" data-id=\"text_block-154-416\"><span id=\"span-217-416\" class=\"ct-span\" >For those fond of the delicate charms of nature, we encourage you to visit our Butterfly Land \u2013 a corner where living butterflies from different parts of the world showcase their diversity. <\/span> <br><\/div><\/div><\/div><div id=\"div_block-156-416-4\" class=\"ct-div-block offert-overlay\" data-id=\"div_block-156-416\"><\/div><\/div><\/div><div id=\"div_block-144-416-5\" class=\"ct-div-block\" data-id=\"div_block-144-416\"><div id=\"div_block-147-416-5\" class=\"ct-div-block offert-tile\" data-id=\"div_block-147-416\"><div id=\"div_block-148-416-5\" class=\"ct-div-block offert-tile-img\" data-id=\"div_block-148-416\"><img decoding=\"async\" id=\"image-149-416-5\" alt=\"\" src=\"https:\/\/holidayhomevegas.pl\/wp-content\/uploads\/2023\/09\/15-14-55-0052.webp\" class=\"ct-image cover-image\" data-id=\"image-149-416\"><\/div><div id=\"div_block-150-416-5\" class=\"ct-div-block offert-details\" data-id=\"div_block-150-416\"><div id=\"text_block-151-416-5\" class=\"ct-text-block offert-subtite\" data-id=\"text_block-151-416\"><span id=\"span-371-416\" class=\"ct-span\" >For kids<\/span><\/div><div id=\"text_block-152-416-5\" class=\"ct-text-block offert-title\" data-id=\"text_block-152-416\"><div><span style=\"background-color: transparent;\"><span id=\"span-225-416\" class=\"ct-span\" >Whales of Rewal<\/span><\/span><\/div><\/div><div id=\"div_block-153-416-5\" class=\"ct-div-block details-hidden\" data-id=\"div_block-153-416\"><div id=\"text_block-154-416-5\" class=\"ct-text-block txt hidden\" data-id=\"text_block-154-416\"><span id=\"span-217-416\" class=\"ct-span\" >Rewalskie Wieloryby, Ventus i Fluctus, to imponuj\u0105ce \u017celiwne konstrukcje w kszta\u0142cie szkielet\u00f3w morskich gigant\u00f3w, kt\u00f3re dominuj\u0105 w sercu <a href=\"https:\/\/holidayhomevegas.pl\/en\/rewal\/\"\" style=\"text-decoration:none; color:#ffffff;\">Rewala<\/a>. Te monumentalne dzie\u0142a, wa\u017c\u0105ce odpowiednio 10 i 5 ton.<\/span> <br><\/div><\/div><\/div><div id=\"div_block-156-416-5\" class=\"ct-div-block offert-overlay\" data-id=\"div_block-156-416\"><\/div><\/div><\/div><div id=\"div_block-144-416-6\" class=\"ct-div-block\" data-id=\"div_block-144-416\"><div id=\"div_block-147-416-6\" class=\"ct-div-block offert-tile\" data-id=\"div_block-147-416\"><div id=\"div_block-148-416-6\" class=\"ct-div-block offert-tile-img\" data-id=\"div_block-148-416\"><img decoding=\"async\" id=\"image-149-416-6\" alt=\"\" src=\"https:\/\/holidayhomevegas.pl\/wp-content\/uploads\/2023\/09\/15-15-16-5589.webp\" class=\"ct-image cover-image\" data-id=\"image-149-416\"><\/div><div id=\"div_block-150-416-6\" class=\"ct-div-block offert-details\" data-id=\"div_block-150-416\"><div id=\"text_block-151-416-6\" class=\"ct-text-block offert-subtite\" data-id=\"text_block-151-416\"><span id=\"span-371-416\" class=\"ct-span\" >Avenue<\/span><\/div><div id=\"text_block-152-416-6\" class=\"ct-text-block offert-title\" data-id=\"text_block-152-416\"><div><span style=\"background-color: transparent;\"><span id=\"span-225-416\" class=\"ct-span\" >Avenue of Roses and Lovers<\/span><\/span><\/div><\/div><div id=\"div_block-153-416-6\" class=\"ct-div-block details-hidden\" data-id=\"div_block-153-416\"><div id=\"text_block-154-416-6\" class=\"ct-text-block txt hidden\" data-id=\"text_block-154-416\"><span id=\"span-217-416\" class=\"ct-span\" >The Avenue of Roses and Lovers, located on a picturesque cliff, tempts lovers with a colorful mosaic of roses and love plaques in many languages. Sculptures of Romeo, Juliet, The Little Prince, and the Rose add a unique charm to the place, making it a must-visit for all who come.<\/span> <br><\/div><\/div><\/div><div id=\"div_block-156-416-6\" class=\"ct-div-block offert-overlay\" data-id=\"div_block-156-416\"><\/div><\/div><\/div><\/div>\n<\/div><\/section>","protected":false},"excerpt":{"rendered":"","protected":false},"author":3,"featured_media":0,"parent":0,"menu_order":0,"comment_status":"closed","ping_status":"closed","template":"","meta":{"_acf_changed":false,"footnotes":""},"class_list":["post-416","page","type-page","status-publish","hentry"],"acf":[],"yoast_head":"<!-- This site is optimized with the Yoast SEO plugin v23.3 - https:\/\/yoast.com\/wordpress\/plugins\/seo\/ -->\n<title>Atrakcje - Holiday Home Vegas<\/title>\n<meta name=\"description\" content=\"Holiday Home Vegas to ogromny dom posiadaj\u0105cy a\u017c 6 sypialni, dzi\u0119ki czemu jest \u015bwietn\u0105 ofert\u0105 dla du\u017cych grup i os\u00f3b poszukuj\u0105cych obiektu z wieloma udogodnieniami i atrakcjami, poniewa\u017c dom Vegas posiada sprz\u0119t zapewniaj\u0105cy prawdziw\u0105 rozrywk\u0119.\" \/>\n<meta name=\"robots\" content=\"index, follow, max-snippet:-1, max-image-preview:large, max-video-preview:-1\" \/>\n<link rel=\"canonical\" href=\"https:\/\/holidayhomevegas.pl\/en\/atrakcje\/\" \/>\n<meta property=\"og:locale\" content=\"en_US\" \/>\n<meta property=\"og:type\" content=\"article\" \/>\n<meta property=\"og:title\" content=\"Atrakcje - Holiday Home Vegas\" \/>\n<meta property=\"og:description\" content=\"Holiday Home Vegas to ogromny dom posiadaj\u0105cy a\u017c 6 sypialni, dzi\u0119ki czemu jest \u015bwietn\u0105 ofert\u0105 dla du\u017cych grup i os\u00f3b poszukuj\u0105cych obiektu z wieloma udogodnieniami i atrakcjami, poniewa\u017c dom Vegas posiada sprz\u0119t zapewniaj\u0105cy prawdziw\u0105 rozrywk\u0119.\" \/>\n<meta property=\"og:url\" content=\"https:\/\/holidayhomevegas.pl\/en\/atrakcje\/\" \/>\n<meta property=\"og:site_name\" content=\"Holiday Home Vegas\" \/>\n<meta property=\"article:modified_time\" content=\"2023-09-06T13:46:45+00:00\" \/>\n<meta name=\"twitter:card\" content=\"summary_large_image\" \/>\n<script type=\"application\/ld+json\" class=\"yoast-schema-graph\">{\"@context\":\"https:\/\/schema.org\",\"@graph\":[{\"@type\":\"WebPage\",\"@id\":\"https:\/\/holidayhomevegas.pl\/atrakcje\/\",\"url\":\"https:\/\/holidayhomevegas.pl\/atrakcje\/\",\"name\":\"Atrakcje - Holiday Home Vegas\",\"isPartOf\":{\"@id\":\"https:\/\/holidayhomevegas.pl\/#website\"},\"datePublished\":\"2022-02-02T09:36:34+00:00\",\"dateModified\":\"2023-09-06T13:46:45+00:00\",\"description\":\"Holiday Home Vegas to ogromny dom posiadaj\u0105cy a\u017c 6 sypialni, dzi\u0119ki czemu jest \u015bwietn\u0105 ofert\u0105 dla du\u017cych grup i os\u00f3b poszukuj\u0105cych obiektu z wieloma udogodnieniami i atrakcjami, poniewa\u017c dom Vegas posiada sprz\u0119t zapewniaj\u0105cy prawdziw\u0105 rozrywk\u0119.\",\"breadcrumb\":{\"@id\":\"https:\/\/holidayhomevegas.pl\/atrakcje\/#breadcrumb\"},\"inLanguage\":\"en-US\",\"potentialAction\":[{\"@type\":\"ReadAction\",\"target\":[\"https:\/\/holidayhomevegas.pl\/atrakcje\/\"]}]},{\"@type\":\"BreadcrumbList\",\"@id\":\"https:\/\/holidayhomevegas.pl\/atrakcje\/#breadcrumb\",\"itemListElement\":[{\"@type\":\"ListItem\",\"position\":1,\"name\":\"Strona g\u0142\u00f3wna\",\"item\":\"https:\/\/holidayhomevegas.pl\/\"},{\"@type\":\"ListItem\",\"position\":2,\"name\":\"Atrakcje\"}]},{\"@type\":\"WebSite\",\"@id\":\"https:\/\/holidayhomevegas.pl\/#website\",\"url\":\"https:\/\/holidayhomevegas.pl\/\",\"name\":\"Holiday Home Vegas\",\"description\":\"Holiday Home Vegas\",\"potentialAction\":[{\"@type\":\"SearchAction\",\"target\":{\"@type\":\"EntryPoint\",\"urlTemplate\":\"https:\/\/holidayhomevegas.pl\/?s={search_term_string}\"},\"query-input\":\"required name=search_term_string\"}],\"inLanguage\":\"en-US\"}]}<\/script>\n<!-- \/ Yoast SEO plugin. -->","yoast_head_json":{"title":"Atrakcje - Holiday Home Vegas","description":"Holiday Home Vegas to ogromny dom posiadaj\u0105cy a\u017c 6 sypialni, dzi\u0119ki czemu jest \u015bwietn\u0105 ofert\u0105 dla du\u017cych grup i os\u00f3b poszukuj\u0105cych obiektu z wieloma udogodnieniami i atrakcjami, poniewa\u017c dom Vegas posiada sprz\u0119t zapewniaj\u0105cy prawdziw\u0105 rozrywk\u0119.","robots":{"index":"index","follow":"follow","max-snippet":"max-snippet:-1","max-image-preview":"max-image-preview:large","max-video-preview":"max-video-preview:-1"},"canonical":"https:\/\/holidayhomevegas.pl\/en\/atrakcje\/","og_locale":"en_US","og_type":"article","og_title":"Atrakcje - Holiday Home Vegas","og_description":"Holiday Home Vegas to ogromny dom posiadaj\u0105cy a\u017c 6 sypialni, dzi\u0119ki czemu jest \u015bwietn\u0105 ofert\u0105 dla du\u017cych grup i os\u00f3b poszukuj\u0105cych obiektu z wieloma udogodnieniami i atrakcjami, poniewa\u017c dom Vegas posiada sprz\u0119t zapewniaj\u0105cy prawdziw\u0105 rozrywk\u0119.","og_url":"https:\/\/holidayhomevegas.pl\/en\/atrakcje\/","og_site_name":"Holiday Home Vegas","article_modified_time":"2023-09-06T13:46:45+00:00","twitter_card":"summary_large_image","schema":{"@context":"https:\/\/schema.org","@graph":[{"@type":"WebPage","@id":"https:\/\/holidayhomevegas.pl\/atrakcje\/","url":"https:\/\/holidayhomevegas.pl\/atrakcje\/","name":"Atrakcje - Holiday Home Vegas","isPartOf":{"@id":"https:\/\/holidayhomevegas.pl\/#website"},"datePublished":"2022-02-02T09:36:34+00:00","dateModified":"2023-09-06T13:46:45+00:00","description":"Holiday Home Vegas to ogromny dom posiadaj\u0105cy a\u017c 6 sypialni, dzi\u0119ki czemu jest \u015bwietn\u0105 ofert\u0105 dla du\u017cych grup i os\u00f3b poszukuj\u0105cych obiektu z wieloma udogodnieniami i atrakcjami, poniewa\u017c dom Vegas posiada sprz\u0119t zapewniaj\u0105cy prawdziw\u0105 rozrywk\u0119.","breadcrumb":{"@id":"https:\/\/holidayhomevegas.pl\/atrakcje\/#breadcrumb"},"inLanguage":"en-US","potentialAction":[{"@type":"ReadAction","target":["https:\/\/holidayhomevegas.pl\/atrakcje\/"]}]},{"@type":"BreadcrumbList","@id":"https:\/\/holidayhomevegas.pl\/atrakcje\/#breadcrumb","itemListElement":[{"@type":"ListItem","position":1,"name":"Strona g\u0142\u00f3wna","item":"https:\/\/holidayhomevegas.pl\/"},{"@type":"ListItem","position":2,"name":"Atrakcje"}]},{"@type":"WebSite","@id":"https:\/\/holidayhomevegas.pl\/#website","url":"https:\/\/holidayhomevegas.pl\/","name":"Holiday Home Vegas","description":"Holiday Home Vegas","potentialAction":[{"@type":"SearchAction","target":{"@type":"EntryPoint","urlTemplate":"https:\/\/holidayhomevegas.pl\/?s={search_term_string}"},"query-input":"required name=search_term_string"}],"inLanguage":"en-US"}]}},"_links":{"self":[{"href":"https:\/\/holidayhomevegas.pl\/en\/wp-json\/wp\/v2\/pages\/416"}],"collection":[{"href":"https:\/\/holidayhomevegas.pl\/en\/wp-json\/wp\/v2\/pages"}],"about":[{"href":"https:\/\/holidayhomevegas.pl\/en\/wp-json\/wp\/v2\/types\/page"}],"author":[{"embeddable":true,"href":"https:\/\/holidayhomevegas.pl\/en\/wp-json\/wp\/v2\/users\/3"}],"replies":[{"embeddable":true,"href":"https:\/\/holidayhomevegas.pl\/en\/wp-json\/wp\/v2\/comments?post=416"}],"version-history":[{"count":50,"href":"https:\/\/holidayhomevegas.pl\/en\/wp-json\/wp\/v2\/pages\/416\/revisions"}],"predecessor-version":[{"id":1395,"href":"https:\/\/holidayhomevegas.pl\/en\/wp-json\/wp\/v2\/pages\/416\/revisions\/1395"}],"wp:attachment":[{"href":"https:\/\/holidayhomevegas.pl\/en\/wp-json\/wp\/v2\/media?parent=416"}],"curies":[{"name":"wp","href":"https:\/\/api.w.org\/{rel}","templated":true}]}}