{"id":850,"date":"2022-08-09T14:48:23","date_gmt":"2022-08-09T12:48:23","guid":{"rendered":"https:\/\/emillycenter.pl\/?page_id=850"},"modified":"2023-09-14T14:35:34","modified_gmt":"2023-09-14T12:35:34","slug":"regulamin","status":"publish","type":"page","link":"https:\/\/holidayhomevegas.pl\/en\/regulamin\/","title":{"rendered":"Rules"},"content":{"rendered":"<section id=\"section-2-850\" class=\"ct-section\" style=\"background-image:linear-gradient(rgba(0,0,0,0.4), rgba(0,0,0,0.4)), url(https:\/\/vegas.nfhotel.usermd.net\/wp-content\/uploads\/2023\/09\/DSC09690-2.jpg);background-size:auto,  cover;\" ><div class=\"ct-section-inner-wrap\"><div id=\"div_block-3-850\" class=\"ct-div-block hero\" ><h1 id=\"headline-4-850\" class=\"ct-headline hero-title homePage\">Rules<\/h1><div id=\"text_block-5-850\" class=\"ct-text-block hero-text\" >Booking rules<\/div><div id=\"code_block-1-558\" class=\"ct-code-block\" ><\/div><\/div><\/div><\/section><section id=\"section-7-850\" class=\"ct-section\" ><div class=\"ct-section-inner-wrap\"><div id=\"div_block-8-850\" class=\"ct-div-block txt\" ><div id=\"_rich_text-12-850\" class=\"oxy-rich-text\" ><p align=\"center\">Holiday Home Vegas<\/p>\n<p style=\"text-align: left;\" align=\"center\">Rules<\/p>\n<ol>\n<li>\n<p>The house is rented on a daily basis as part of the provided accommodation service.<\/p>\n<\/li>\n<li>\n<p>A day lasts from 4:00 PM to 10:00 AM.<\/p>\n<\/li>\n<li>\n<p>If guests wish to extend their stay beyond the period indicated upon arrival, they should contact the following number:&nbsp;<span id=\"span-461-10\">604-558-055<\/span><\/p>\n<\/li>\n<li>\n<p>Requests for extended stays will be considered based on availability, and additional fees may apply.<\/p>\n<\/li>\n<li>Pets are accepted upon agreement with the property.<\/li>\n<li>Quiet hours are in effect from 10:00 PM to 7:00 AM.<\/li>\n<li>The behavior of guests and those using the accommodation services should not disturb other guests.<\/li>\n<li>The owner can refuse further service to anyone who violates this rule and is not then obligated to refund the money for the unused period<\/li>\n<li>Holiday Home Vegas charges a deposit of PLN 1,500 for the stay in the apartment. This will be charged separately by the accommodation provider prior to arrival or upon check-in\nThe deposit is refundable within 7 days after check-out if no damage is found.&nbsp;<\/li>\n<\/ol>\n<p style=\"text-align: left;\" align=\"center\">OWNER'S OBLIGATIONS:<\/p>\n<ol>\n<li>\n<p>The owner is committed to ensuring the full rest of the guests.<\/p>\n<\/li>\n<li>\n<p>The owner is obligated to prepare the apartment before the guest's arrival.<\/p>\n<\/li>\n<li>\n<p>The owner must immediately address any comments and reservations about the level of service, operation of the facility's equipment, cleanliness, and order, by taking action to immediately remedy defects and shortcomings.<\/p>\n<\/li>\n<li>\n<p>The owner is not responsible for the loss of valuable items left in the property or their damage.<\/p>\n<\/li>\n<\/ol>\n<p style=\"text-align: left;\" align=\"center\">GUEST'S OBLIGATIONS:<\/p>\n<ol>\n<li>\n<p>Every time a guest leaves the property, they should check that the door is locked.<\/p>\n<\/li>\n<li>\n<p>The guest is financially responsible for any damage or destruction to the property's equipment and technical devices caused by their own fault or the fault of their visitors. It is forbidden for guests to interfere with the equipment, layout, furniture arrangement, and security of the apartment.<\/p>\n<\/li>\n<li>\n<p>Smoking is strictly prohibited in the apartment.<\/p>\n<\/li>\n<li>\n<p>Organizing social events in the apartment is not allowed.<\/p>\n<\/li>\n<\/ol>\n<p>&nbsp;<\/p>\n<div>\n<p>CANCELLATION OF RESERVATION &nbsp;<\/p>\n<ol>\n<li>In the event of a cancellation by the Customer, the deposit paid remains with the facility.<\/li>\n<li>The facility has the right to cancel a confirmed reservation within 24 hours from the moment the deposit is credited. In this case, the deposit is refunded to the Customer.<\/li>\n<\/ol>\n<p>FEES<\/p>\n<ol>\n<li>The Customer is obliged to pay the deposit indicated when making the reservation. They can do this using:\n<ul>\n<li>Electronic payment - wire transfer and e-transfer conducted via Przelewy24.<\/li>\n<\/ul>\n<\/li>\n<\/ol>\n<ol>\n<li>The remaining part of the payment for the entire stay is to be paid by the Customer upon arrival at the facility.<\/li>\n<li>The Customer incurs no costs associated with the Online Reservation process.<\/li>\n<li>Please send complaints by email to: holidayhomevega@interia.pl, the review period is up to 14 working days.<\/li>\n<\/ol>\n<\/div>\n<p style=\"text-align: left;\" align=\"center\">REGULATION ACCEPTANCE:<\/p>\n<ol>\n<li>\n<p>This regulation is made available on the property's website, is available in the rooms, and is provided to interested clients before the contract is concluded.<a name=\"_GoBack\"><\/a><\/p>\n<\/li>\n<li>\n<p><a name=\"_GoBack\"><\/a>Making a reservation at Holiday Home Vegas means accepting these Regulations.<\/p>\n<\/li>\n<li>Payments are handled by Przelewy24.<\/li>\n<\/ol><\/div><\/div><div id=\"div_block-13-850\" class=\"ct-div-block\" ><img decoding=\"async\"  id=\"image-14-850\" alt=\"\" src=\"https:\/\/holidayhomevegas.pl\/wp-content\/uploads\/2023\/09\/logotyp.jpg\" class=\"ct-image\" srcset-disabled=\"https:\/\/holidayhomevegas.pl\/wp-content\/uploads\/2023\/09\/logotyp.jpg 682w, https:\/\/holidayhomevegas.pl\/wp-content\/uploads\/2023\/09\/logotyp-300x34.jpg 300w, https:\/\/holidayhomevegas.pl\/wp-content\/uploads\/2023\/09\/logotyp-18x2.jpg 18w\" sizes=\"(max-width: 682px) 100vw, 682px\" \/><img decoding=\"async\"  id=\"image-15-850\" alt=\"\" src=\"https:\/\/holidayhomevegas.pl\/wp-content\/uploads\/2023\/09\/Przelewy24_logo.png\" class=\"ct-image\" srcset-disabled=\"https:\/\/holidayhomevegas.pl\/wp-content\/uploads\/2023\/09\/Przelewy24_logo.png 200w, https:\/\/holidayhomevegas.pl\/wp-content\/uploads\/2023\/09\/Przelewy24_logo-18x6.png 18w\" sizes=\"(max-width: 200px) 100vw, 200px\" \/><\/div><\/div><\/section>","protected":false},"excerpt":{"rendered":"","protected":false},"author":3,"featured_media":0,"parent":0,"menu_order":0,"comment_status":"closed","ping_status":"closed","template":"","meta":{"_acf_changed":false,"footnotes":""},"class_list":["post-850","page","type-page","status-publish","hentry"],"acf":[],"yoast_head":"<!-- This site is optimized with the Yoast SEO plugin v23.3 - https:\/\/yoast.com\/wordpress\/plugins\/seo\/ -->\n<title>Regulamin - Holiday Home Vegas<\/title>\n<meta name=\"description\" content=\"Holiday Home Vegas to ogromny dom posiadaj\u0105cy a\u017c 6 sypialni, dzi\u0119ki czemu jest \u015bwietn\u0105 ofert\u0105 dla du\u017cych grup i os\u00f3b poszukuj\u0105cych obiektu z wieloma udogodnieniami i atrakcjami, poniewa\u017c dom Vegas posiada sprz\u0119t zapewniaj\u0105cy prawdziw\u0105 rozrywk\u0119.\" \/>\n<meta name=\"robots\" content=\"index, follow, max-snippet:-1, max-image-preview:large, max-video-preview:-1\" \/>\n<link rel=\"canonical\" href=\"https:\/\/holidayhomevegas.pl\/en\/regulamin\/\" \/>\n<meta property=\"og:locale\" content=\"en_US\" \/>\n<meta property=\"og:type\" content=\"article\" \/>\n<meta property=\"og:title\" content=\"Regulamin - Holiday Home Vegas\" \/>\n<meta property=\"og:description\" content=\"Holiday Home Vegas to ogromny dom posiadaj\u0105cy a\u017c 6 sypialni, dzi\u0119ki czemu jest \u015bwietn\u0105 ofert\u0105 dla du\u017cych grup i os\u00f3b poszukuj\u0105cych obiektu z wieloma udogodnieniami i atrakcjami, poniewa\u017c dom Vegas posiada sprz\u0119t zapewniaj\u0105cy prawdziw\u0105 rozrywk\u0119.\" \/>\n<meta property=\"og:url\" content=\"https:\/\/holidayhomevegas.pl\/en\/regulamin\/\" \/>\n<meta property=\"og:site_name\" content=\"Holiday Home Vegas\" \/>\n<meta property=\"article:modified_time\" content=\"2023-09-14T12:35:34+00:00\" \/>\n<meta name=\"twitter:card\" content=\"summary_large_image\" \/>\n<script type=\"application\/ld+json\" class=\"yoast-schema-graph\">{\"@context\":\"https:\/\/schema.org\",\"@graph\":[{\"@type\":\"WebPage\",\"@id\":\"https:\/\/holidayhomevegas.pl\/regulamin\/\",\"url\":\"https:\/\/holidayhomevegas.pl\/regulamin\/\",\"name\":\"Regulamin - Holiday Home Vegas\",\"isPartOf\":{\"@id\":\"https:\/\/holidayhomevegas.pl\/#website\"},\"datePublished\":\"2022-08-09T12:48:23+00:00\",\"dateModified\":\"2023-09-14T12:35:34+00:00\",\"description\":\"Holiday Home Vegas to ogromny dom posiadaj\u0105cy a\u017c 6 sypialni, dzi\u0119ki czemu jest \u015bwietn\u0105 ofert\u0105 dla du\u017cych grup i os\u00f3b poszukuj\u0105cych obiektu z wieloma udogodnieniami i atrakcjami, poniewa\u017c dom Vegas posiada sprz\u0119t zapewniaj\u0105cy prawdziw\u0105 rozrywk\u0119.\",\"breadcrumb\":{\"@id\":\"https:\/\/holidayhomevegas.pl\/regulamin\/#breadcrumb\"},\"inLanguage\":\"en-US\",\"potentialAction\":[{\"@type\":\"ReadAction\",\"target\":[\"https:\/\/holidayhomevegas.pl\/regulamin\/\"]}]},{\"@type\":\"BreadcrumbList\",\"@id\":\"https:\/\/holidayhomevegas.pl\/regulamin\/#breadcrumb\",\"itemListElement\":[{\"@type\":\"ListItem\",\"position\":1,\"name\":\"Strona g\u0142\u00f3wna\",\"item\":\"https:\/\/holidayhomevegas.pl\/\"},{\"@type\":\"ListItem\",\"position\":2,\"name\":\"Regulamin\"}]},{\"@type\":\"WebSite\",\"@id\":\"https:\/\/holidayhomevegas.pl\/#website\",\"url\":\"https:\/\/holidayhomevegas.pl\/\",\"name\":\"Holiday Home Vegas\",\"description\":\"Holiday Home Vegas\",\"potentialAction\":[{\"@type\":\"SearchAction\",\"target\":{\"@type\":\"EntryPoint\",\"urlTemplate\":\"https:\/\/holidayhomevegas.pl\/?s={search_term_string}\"},\"query-input\":\"required name=search_term_string\"}],\"inLanguage\":\"en-US\"}]}<\/script>\n<!-- \/ Yoast SEO plugin. -->","yoast_head_json":{"title":"Regulamin - Holiday Home Vegas","description":"Holiday Home Vegas to ogromny dom posiadaj\u0105cy a\u017c 6 sypialni, dzi\u0119ki czemu jest \u015bwietn\u0105 ofert\u0105 dla du\u017cych grup i os\u00f3b poszukuj\u0105cych obiektu z wieloma udogodnieniami i atrakcjami, poniewa\u017c dom Vegas posiada sprz\u0119t zapewniaj\u0105cy prawdziw\u0105 rozrywk\u0119.","robots":{"index":"index","follow":"follow","max-snippet":"max-snippet:-1","max-image-preview":"max-image-preview:large","max-video-preview":"max-video-preview:-1"},"canonical":"https:\/\/holidayhomevegas.pl\/en\/regulamin\/","og_locale":"en_US","og_type":"article","og_title":"Regulamin - Holiday Home Vegas","og_description":"Holiday Home Vegas to ogromny dom posiadaj\u0105cy a\u017c 6 sypialni, dzi\u0119ki czemu jest \u015bwietn\u0105 ofert\u0105 dla du\u017cych grup i os\u00f3b poszukuj\u0105cych obiektu z wieloma udogodnieniami i atrakcjami, poniewa\u017c dom Vegas posiada sprz\u0119t zapewniaj\u0105cy prawdziw\u0105 rozrywk\u0119.","og_url":"https:\/\/holidayhomevegas.pl\/en\/regulamin\/","og_site_name":"Holiday Home Vegas","article_modified_time":"2023-09-14T12:35:34+00:00","twitter_card":"summary_large_image","schema":{"@context":"https:\/\/schema.org","@graph":[{"@type":"WebPage","@id":"https:\/\/holidayhomevegas.pl\/regulamin\/","url":"https:\/\/holidayhomevegas.pl\/regulamin\/","name":"Regulamin - Holiday Home Vegas","isPartOf":{"@id":"https:\/\/holidayhomevegas.pl\/#website"},"datePublished":"2022-08-09T12:48:23+00:00","dateModified":"2023-09-14T12:35:34+00:00","description":"Holiday Home Vegas to ogromny dom posiadaj\u0105cy a\u017c 6 sypialni, dzi\u0119ki czemu jest \u015bwietn\u0105 ofert\u0105 dla du\u017cych grup i os\u00f3b poszukuj\u0105cych obiektu z wieloma udogodnieniami i atrakcjami, poniewa\u017c dom Vegas posiada sprz\u0119t zapewniaj\u0105cy prawdziw\u0105 rozrywk\u0119.","breadcrumb":{"@id":"https:\/\/holidayhomevegas.pl\/regulamin\/#breadcrumb"},"inLanguage":"en-US","potentialAction":[{"@type":"ReadAction","target":["https:\/\/holidayhomevegas.pl\/regulamin\/"]}]},{"@type":"BreadcrumbList","@id":"https:\/\/holidayhomevegas.pl\/regulamin\/#breadcrumb","itemListElement":[{"@type":"ListItem","position":1,"name":"Strona g\u0142\u00f3wna","item":"https:\/\/holidayhomevegas.pl\/"},{"@type":"ListItem","position":2,"name":"Regulamin"}]},{"@type":"WebSite","@id":"https:\/\/holidayhomevegas.pl\/#website","url":"https:\/\/holidayhomevegas.pl\/","name":"Holiday Home Vegas","description":"Holiday Home Vegas","potentialAction":[{"@type":"SearchAction","target":{"@type":"EntryPoint","urlTemplate":"https:\/\/holidayhomevegas.pl\/?s={search_term_string}"},"query-input":"required name=search_term_string"}],"inLanguage":"en-US"}]}},"_links":{"self":[{"href":"https:\/\/holidayhomevegas.pl\/en\/wp-json\/wp\/v2\/pages\/850"}],"collection":[{"href":"https:\/\/holidayhomevegas.pl\/en\/wp-json\/wp\/v2\/pages"}],"about":[{"href":"https:\/\/holidayhomevegas.pl\/en\/wp-json\/wp\/v2\/types\/page"}],"author":[{"embeddable":true,"href":"https:\/\/holidayhomevegas.pl\/en\/wp-json\/wp\/v2\/users\/3"}],"replies":[{"embeddable":true,"href":"https:\/\/holidayhomevegas.pl\/en\/wp-json\/wp\/v2\/comments?post=850"}],"version-history":[{"count":20,"href":"https:\/\/holidayhomevegas.pl\/en\/wp-json\/wp\/v2\/pages\/850\/revisions"}],"predecessor-version":[{"id":1410,"href":"https:\/\/holidayhomevegas.pl\/en\/wp-json\/wp\/v2\/pages\/850\/revisions\/1410"}],"wp:attachment":[{"href":"https:\/\/holidayhomevegas.pl\/en\/wp-json\/wp\/v2\/media?parent=850"}],"curies":[{"name":"wp","href":"https:\/\/api.w.org\/{rel}","templated":true}]}}